{"id":10,"date":"2018-05-25T12:06:39","date_gmt":"2018-05-25T10:06:39","guid":{"rendered":"https:\/\/rechtsanwalt-thomas-ernst.de\/?page_id=10"},"modified":"2018-05-25T12:06:39","modified_gmt":"2018-05-25T10:06:39","slug":"datenschutzerklaerung","status":"publish","type":"page","link":"https:\/\/rechtsanwalt-thomas-ernst.de\/?page_id=10","title":{"rendered":"Datenschutzerkl\u00e4rung"},"content":{"rendered":"<p><strong><u>Datenschutzerkl\u00e4rung <\/u><\/strong><\/p>\n<p>Vielen Dank f\u00fcr Ihr Interesse an meinem Internetauftritt und damit verbunden an meiner Kanzlei. Ich lege gro\u00dfen Wert auf Schutz Ihrer Daten und die Wahrung Ihrer Privatsph\u00e4re. Bitte nehmen Sie daher nachstehende Informationen zur Kenntnis:<\/p>\n<p><strong>Name und Kontaktdaten des f\u00fcr die Verarbeitung verantwortlichen sowie des betrieblichen Datenschutzbeauftragten<\/strong><\/p>\n<p>Diese Datenschutzhinweise gelten f\u00fcr die Datenverarbeitung durch<\/p>\n<p><strong>Rechtsanwaltskanzlei Thomas Ernst<\/strong><\/p>\n<p><strong>\u00a0\u00a0\u00a0\u00a0\u00a0\u00a0\u00a0\u00a0\u00a0\u00a0\u00a0\u00a0\u00a0\u00a0 An der Steinr\u00fctsch 3 a<\/strong><\/p>\n<p><strong>\u00a0\u00a0\u00a0\u00a0\u00a0\u00a0\u00a0\u00a0\u00a0\u00a0\u00a0\u00a0\u00a0\u00a0 51375 Leverkusen, Deutschland<\/strong><\/p>\n<p><strong>\u00a0\u00a0\u00a0\u00a0\u00a0\u00a0\u00a0\u00a0\u00a0\u00a0\u00a0\u00a0\u00a0\u00a0 Email: <\/strong><a href=\"mailto:mail@rechtsanwalt-thomas-ernst.de\"><strong>mail@rechtsanwalt-thomas-ernst.de<\/strong><\/a><\/p>\n<p><strong>\u00a0\u00a0\u00a0\u00a0\u00a0\u00a0\u00a0\u00a0\u00a0\u00a0\u00a0\u00a0\u00a0\u00a0 Tel: +49 (0) 214-20275-165, Fax: + 49 (0) 214-20275-166<\/strong><\/p>\n<p>&nbsp;<\/p>\n<p>Der betriebliche Datenschutzbeauftragte der Rechtsanwaltskanzlei Thomas Ernst ist unter der oben genannten Anschrift, zu. Hd. Herrn Thomas Ernst, bzw. unter <a href=\"mailto:ernst@rechtanwalt-thomas-ernst.de\">ernst@rechtanwalt-thomas-ernst.de<\/a> erreichbar.<\/p>\n<p><strong>Erhebung und Speicherung personenbezogener Daten sowie Art und Zweck von deren Verwendung<\/strong><\/p>\n<p><strong>Beim Besuch der Website<\/strong><\/p>\n<p>Beim Aufrufen meiner Website <a href=\"https:\/\/rechtsanwalt-thomas-ernst.de\">rechtsanwalt-thomas-ernst.de<\/a> werden durch den auf Ihrem Endger\u00e4t zu m Einsatz kommenden Browser automatisch Informationen an den Server unserer Website gesendet. Diese Informationen werden tempor\u00e4r in einem sog. Logfile gespeichert. Folgende Informationen werden dabei Ohne Ihr Zutun erfasst und bis zur automatisierten L\u00f6schung gespeichert:<\/p>\n<ul>\n<li>IP-Adresse des anfragenden Rechners,<\/li>\n<li>Datum und Uhrzeit des Zugriffs,<\/li>\n<li>Name und URL der angerufenen Datei,<\/li>\n<li>Website, von der aus der Zugriff erfolgt (Referrer-URL),<\/li>\n<li>Verwendeter Browser und ggfs. das Betriebssystem Ihres Rechners sowie der Name Ihres Access-Providers.<\/li>\n<\/ul>\n<p>Die genannten Daten werden durch mich zu folgenden Zwecken verarbeitet:<\/p>\n<ul>\n<li>Gew\u00e4hrleitung eines reibungslosen Verbindungsaufbaus der Website,<\/li>\n<li>Gew\u00e4hrleistung einer komfortablen Nutzung meiner Website.<\/li>\n<li>Auswertung der Systemsicherheit und -stabilit\u00e4t sowie<\/li>\n<li>Zu weiteren administrativen Zwecken.<\/li>\n<\/ul>\n<p>&nbsp;<\/p>\n<p>Die Rechtsgrundlage f\u00fcr die Datenverarbeitung ist Art. 6 Abs. 1 S. 1 lit. f DSGVO. Mein berechtigtes Interesse folgt aus oben aufgelisteten Zwecken zur Datenerhebung In keinem Fall verwende ich die erhobenen Daten zu dem Zweck, R\u00fcckschl\u00fcsse auf Ihre Person zu ziehen.<\/p>\n<p>Dar\u00fcber hinaus setze ich beim Besuch meiner Website, Cookies sowie Analysedienste ein. N\u00e4here Erl\u00e4uterungen dazu erhalten Sie unter den Ziff. 4 und 5 dieser Datenschutzerkl\u00e4rung.<\/p>\n<p><strong>Weitergabe von Daten<\/strong><\/p>\n<p>Die \u00dcbermittlung Ihrer pers\u00f6nlichen Daten an Dritte zu anderen als den im Folgenden aufgef\u00fchrten Zwecken findet nicht statt.<\/p>\n<p>Wir geben Ihre pers\u00f6nlichen Daten nur an Dritte weiter, wenn:<\/p>\n<ul>\n<li>Sie Ihre nach Art. 6 Abs. 1 S. 1 lit. a DSGVO ausdr\u00fcckliche Einwilligung dazu erteilt haben.<\/li>\n<li>Die Weitergabe nach Art. 6 Abs. 1 S. 1 lit. f DSGVO zur Geltendmachung, Aus\u00fcbung oder Verteidigung von Rechtsanspr\u00fcchen erforderlich ist und kein Grund zur Annahme besteht, dass Sie ein \u00fcberwiegendes schutzw\u00fcrdiges Interesse an der Nichtweitergabe Ihrer Daten haben.<\/li>\n<li>F\u00fcr den Fall, dass f\u00fcr die Weitergabe noch Art. 6 Abs. 1 S. 1 lit. c DSGVO eine gesetzliche Verpflichtung besteht, sowie<\/li>\n<li>Dies gesetzlich zul\u00e4ssig und nach Art. 6 Art. 1 S. 1 lit. b., DSGVO f\u00fcr die Abwicklung von Vertragsverh\u00e4ltnissen mit Ihnen erforderlich ist.<\/li>\n<\/ul>\n<p><strong>Cookies<\/strong><\/p>\n<p>Ich setze auf meiner Seite Cookies ein. Hierbei handelt es sich um kleine Dateien, die Ihr Browser automatisch erstellt und die auf Ihrem Endger\u00e4t (Laptop, Tablet, Smartphone o.\u00e4.) gespeichert werden, wenn Sie meine Seite besuchen. Cookies richten auf Ihrem Endger\u00e4t keinen Schaden an, enthalten keine Viren, Trojaner oder sonstige Schadsoftware.<\/p>\n<p>In dem Cookie werden Informationen abgelegt, die sich jeweils im Zusammenhang mit dem spezifisch eingesetzten Endger\u00e4t ergeben. Dies bedeutet jedoch nicht, dass ich dadurch unmittelbar Kenntnis von Ihrer Identit\u00e4t erhalte.<\/p>\n<p>Der Einsatz von Cookies dient einerseits dazu, die Nutzung meines Angebots\u00a0 f\u00fcr Sie angenehmer zu gestalten. So setze ich sogenannte Session-Cookies ein, um zu erkennen, dass Sie einzelne Seiten meiner Website bereits besucht haben. Diese werden nach Verlassen meiner Seite automatisch gel\u00f6scht.<\/p>\n<p>Dar\u00fcber hinaus setze ich ebenfalls zur Optimierung der Benutzerfreundlichkeit tempor\u00e4re Cookies ein, die f\u00fcr einen bestimmten festgelegten Zeitraum auf Ihrem Endger\u00e4t gespeichert werden. Besuchen Siem eine Seite erneut, um meine Dienste in Anspruch zu nehmen, wird automatisch erkannt, dass Sie bereits bei mir waren du welche Eingaben und Einstellungen sie get\u00e4tigt haben, um diese nicht noch einmal eingeben zu m\u00fcssen.<\/p>\n<p>Zum anderen setze ich Cookies ein, um die Nutzung meiner Website statistisch zu erfassen und zum Zwecke der Optimierung meines Angebotes f\u00fcr sie auszuwerten (siehe Ziff. 5). Diese Cookies erm\u00f6glich es mir, bei einem erneuten Besuch meiner Seite automatisch zu erkennen, dass Sie bereits bei mir waren. Diese Cookies werden nach einer jeweils definierten Zeit automatisch gel\u00f6scht.<\/p>\n<p>Die durch Cookies verarbeiteten Daten sind f\u00fcr die genannten Zwecke zur Wahrung meiner berechtigten Interessen sowie der Dritter nach Art. 6 Abs. 1 S. 1 lit. f DSGVO erforderlich.<\/p>\n<p>Die meisten Browser akzeptieren Cookies automatisch. Sie k\u00f6nnen Ihren Browser jedoch so konfigurieren, dass keine Cookies auf Ihrem Computer gespeichert werden oder stets ein Hinweis erscheint, bevor ein neuer Cookie angelegt wird. Die vollst\u00e4ndige Deaktivierung von Cookies kann jedoch dazu f\u00fchren, dass Sie nicht alle Funktionen meiner Website nutzen k\u00f6nnen.<\/p>\n<p><strong>AnalyseTools<\/strong><\/p>\n<p>Tracking -Tools<\/p>\n<p>Die im Folgenden aufgef\u00fchrten und von meiner eingesetzten Tracking-Ma\u00dfnahmen werden auf Grundlage des Art. 6 Abs. 1 S. 1 lit. f DSGVO durchgef\u00fchrt. Mit den zum Einsatz kommenden Tracking-Ma\u00dfnahmen wollen wir eine bedarfsgerechte Gestaltung und die fortlaufende Optimierung meiner Website sicherstellen. Zum anderen setze ich die Tracking- Ma\u00dfnahmen ein, um die Nutzung meiner Webseite statistisch zu erfassen und zum Zwecke der Optimierung meines Angebotes f\u00fcr Sie auszuwerten. Diese Interessen sind als berechtigt im Sinne der vorgenannten Vorschrift anzusehen.<\/p>\n<p>Die jeweiligen Datenverarbeitungszwecke und Datenkategorien sind aus den entsprechenden Tracking-Tools zu entnehmen.<\/p>\n<p>Google Analytics<\/p>\n<p>Zum Zwecke der bedarfsgerechten Gestaltung und fortlaufenden Optimierung meiner Seiten nutzen wir Google Analytics\u2026\u2026., ein Webanalysedienst der Google Inc. \/https:\/\/www.google.de\/intl\/de\/about\/) (1600 Amphitheatre Parkway, Moutain View, CA 94043, USA; im Folgenden \u201eGoogle\u201c). In diesem Zusammenhang werden pseudonymisierte Nutzungsprofile erstellt und Cookies (siehe unter Ziff. 4) verwendet. Die durch den Cookie erzeugten Informationen \u00fcber Ihre Benutzung dieser Website wie<\/p>\n<ul>\n<li>Browser-Typ\/-Version,<\/li>\n<li>Verwendetes Betriebssystem,<\/li>\n<li>Referrer-URL (die zuvor besuche Seite),<\/li>\n<li>Hostname des zugreifenden Rechners (IP-Adresse),<\/li>\n<li>Uhrzeit der Serveranfrage,<\/li>\n<\/ul>\n<p>&nbsp;<\/p>\n<p>werden an einen Server von Google in den USA \u00fcbertragen und dort gespeichert. Die Informationen werden verwendet, um die Nutzung der Website aufzuwerten, um Reports\u00a0 \u00fcber die Websiteaktivit\u00e4ten zusammenzustellen und um weitere mit der Websitenutzung und der Internetnutzung verbundenen Dienstleistungen zu Zwecken der Marktforschung und bedarfsgerechten Gestaltung dieser Internetseiten zu erbringen. Auch werden diese Informationen gegebenenfalls an Dritte \u00fcbertragen, sofern dies gesetzlich vorgeschrieben ist oder soweit Dritte diese Daten im Auftrag verarbeiten. Es wird in keinem Fall Ihre IP-Adresse mit anderen Daten von Google zusammengef\u00fchrt. Die IP-Adressen werden anonymisiert, so dass ein Zuordnung nicht m\u00f6glich ist. (IP-Masking).<\/p>\n<p>Sie k\u00f6nnen die Installation der Cookies durch eine entsprechende Einstellung der Browser-Software verhindern; ich weise jedoch darauf hin, dass in diesem Fall gegebenenfalls nicht s\u00e4mtliche Funktionen dieser Website vollumf\u00e4nglich genutzt werden k\u00f6nnen.<\/p>\n<p>Sie k\u00f6nnen dar\u00fcber hinaus\u00a0 die Erfassung der durch das Cookie erzeugten und auf Ihre Nutzung der Website bezogenen Daten (inkl. Ihrer IP-Adresse) sowie die _Verarbeitung dieser Daten durch Google verhindern, indem Sie die Browser-Add-on herunterladen und installieren (h<a href=\"Https:\/\/tools.google.com\/dlpage\/gaoptout?hl-de\">ttps:\/\/tools.google.com\/dlpage\/gaoptout?hl-de<\/a>).<\/p>\n<p>Alternativ zum Browser-Add-on, insbesondere bei Browsern auf mobilen Endger\u00e4ten, k\u00f6nnen Sie die Erfassung durch Google Analytics zudem verhindern, indem Sie auf diesen Link klicken. Es wird ein Opt-out-Cookie gesetzt das die zuk\u00fcnftige Erfassung Ihrer Daten beim Besuch dieser Website verhindert. Der Opt-out-Cookie gilt nur in diesem Browser und nur f\u00fcr meine Website und wird auf Ihrem Gerat abgelegt. L\u00f6schen Sie die Cookies in diesem Browser, m\u00fcssen Sie das Opt-out-Cookie erneut setzen.<\/p>\n<p>Weitere Informationen zum Datenschutz im Zusammenhang mit Google Analytics finden Sie etwa in der Google Analytics-Hilfe \/https:\/\/suppoet.google.com\/analytics\/answer\/6004245?hl=de).<\/p>\n<p>&nbsp;<\/p>\n<p>Google Adwords Conversion Tracking<\/p>\n<p>Um die Nutzung meiner Webseite statistisch zu erfassen und zum Zwecke der Optimierung meier Website f\u00fcr Sie auszuwerten, nutze ich ferner das Coogle Conversion Tacking. Dabei wird von Google Adwords ein Cookie (siehe Ziffer 4) auf Ihrem Rechner gesetzt, sofern Sie \u00fcber eine Google-Anzeige auf meiner Webseite gelang sind.<\/p>\n<p>Diese Cookies verlieren nach 30 Tagen ihre G\u00fcltigkeit und dienen nicht der pers\u00f6nlichen Identifizierung. Besucht der Nutzer bestimmte Seiten der Webseite des Adwords-Kunden und das Cookie ist noch nicht abgelaufen, k\u00f6nnen Google und der Kunde erkennen, dass der Nutzer auf die Anzeige geklickt hat und zu dieser Seite weitergleitet wurde.<\/p>\n<p>Jeder Adwords-Kunde erh\u00e4lt ein anders Cookie. Cookies k\u00f6nnen somit nicht \u00fcber die Webseiten von Adwords-Kunden nachverfolgt werden. Die mithilfe des Conversion-Cookies eingeholten Informaitonen dienen dazu Conversion-Statistiken f\u00fcr Adwords-Kunden zu erstellen, die sich f\u00fcr Conversion-Tracking entschieden haben. Die Adwords-Kunden erfahren die Gesamtanzahl der Nutzer, die auf ihre Anzeige geklickt haben und zu einer mit einem Conversion-Tacking-Tag versehenen Seite weitergeleitet wurden. Sie erhalten jedoch keine Information, mit denen sich Nutzer pers\u00f6nlich identifizieren lassen.<\/p>\n<p>Wenn Sie nicht an dem Tracking-Verfahren teilnehmen m\u00f6chten, k\u00f6nnen Sie auch das hierf\u00fcr erforderlich Setzen eines Cookies ablehnen -etwa per Browser-Einstellung, die das automatische Setzen von Cookies generell deaktiviert. Sie k\u00f6nnen Cookies f\u00fcr Conversion-Tracking auch deaktivieren, indem Sie ihren Browser so einstellen, dass Cookies von der Domain <a href=\"http:\/\/www.googleadservices.com\">www.googleadservices.com<\/a> blockiert werden. Googles Datenschutzbelehrung zum Conversion-Tracking finden sie hier (https:\/\/servies.google.com\/sitestats\/de.html).<\/p>\n<p>Matomo<\/p>\n<p>Ich verwende die Open-Source-Software Matomo zur Analyse und statistischen Auswertung der Nutzung der Website. Hierzu werden Cookies eingesetzt (siehe Ziffer 4). Die durch den Cookie erzeugten Informationen \u00fcber die Wegsitenutzung werden an meinen Server \u00fcbertragen und in pseudonymen Nutzungsprofilen zusammengefasst. Die Informationen werden verwendet, um die Nutzung der Website auszuwerten und um eine bedarfsgerechte Gestaltung unserer Website zu erm\u00f6glichen. Eine Weitergabe der Informationen an Dritte erfolgt nicht.<\/p>\n<p>Es wird in keinem Fall die IP-Adresse mit anderen den Nutzer betreffenden Daten in Verbindung gebracht. Die IP-Adressen werden anonymisiert, so dass eine Zuordnung nicht m\u00f6glich ist (IP-Asking).<\/p>\n<p>Ihr Besuch dieser Webseite wird aktuell von der Matomo Webanalyse erfasst. Klicken Sie hier: (<a href=\"https:\/\/matamo.org\/docs\/privacy\/\">https:\/\/matamo.org\/docs\/privacy\/<\/a>), damit Ihr Besuch nicht mehr erfasst wird.<\/p>\n<p><strong>Betroffenenrechte<\/strong><\/p>\n<p>Sie haben das Recht:<\/p>\n<ul>\n<li>Gem\u00e4\u00df Art. 15 DSGVO Auskunft \u00fcber Ihre von mir verarbeiteten personenbezogenen Daten zu verlangen. Insbesondere k\u00f6nne sie Auskunft \u00fcber die Verarbeitungszwecke, die Kategorie der personenbezogenen Daten, die Kategorien von Empf\u00e4ngern gegen\u00fcber denen Ihre Daten offengelegt wurden oder werden, die geplante Speicherdauer, das Bestehen eines Rechts auf Berichtigung, L\u00f6schung, Einschr\u00e4nkung der Verarbeitung oder Widerspruch, das Bestehen eines Beschwerderechts, die Herkunft Ihrer Daten, sofern diese nicht bei mir erhoben wurden, sowie \u00fcber das Bestehen einer automatisierten Entscheidungsfindung einschlie\u00dflich Profiling und ggfs. aussagekr\u00e4ftigen Informationen zu deren Einzelheiten verlangen,<\/li>\n<li>gem\u00e4\u00df Art. 16 DSGVO unverz\u00fcglich die Berichtigung unrichtiger oder Vervollst\u00e4ndigung Ihrer bei mir gespeicherten personenbezogenen Daten zu verlangen;<\/li>\n<li>gem\u00e4\u00df Art. 17 DSGVO die L\u00f6schung Ihrer bei mir gespeicherten personenbezogenen Daten zu verlangen, soweit nicht die Verarbeitung zur Aus\u00fcbung des Rechts auf freie Meinungs\u00e4u\u00dferung und Information zur Erf\u00fcllung einer rechtlichen Verpflichtung aus Gr\u00fcnden des \u00f6ffentlichen Interesses oder zur Geltendmachung, Aus\u00fcbung oder Verteidigung von Rechtsanspr\u00fcchen erforderlich ist;<\/li>\n<li>gem\u00e4\u00df Art. 18 DSGVO die Einschr\u00e4nkung der Verarbeitung Ihrer personenbezogenen Daten zu verlangen, soweit die Richtigkeit der Daten von Ihnen bestritten wird, die Verarbeitung unrechtm\u00e4\u00dfig ist, Sie aber deren L\u00f6schung ablehnen und wir die Daten nicht mehr ben\u00f6tigen, Sie jedoch diese zur Geltendmachung, Aus\u00fcbung oder Verteidigung von Rechtsanspr\u00fcchen ben\u00f6tigen oder Sie gem\u00e4\u00df Art. 21 DSGVO Widerspruch gegen die Verarbeitung eingelegt haben;<\/li>\n<li>gem\u00e4\u00df Art. 20 DSGVO Ihre personenbezogenen Daten, die Sie mir bereitgestellt haben in einem strukturierten, g\u00e4ngigen und maschinenlesbaren Format zu erhalten oder die \u00dcbermittlung an einen anderen Verantwortlichen zu verlangen;<\/li>\n<li>gem\u00e4\u00df Art. 7 Abs. 3 DSGVO Ihre einmal erteilte Einwilligung jederzeit gegen\u00fcber uns zu widerrufen. Diese hat zur Folge, dass wir die Datenverarbeitung, die auf diese Einwilligung beruhte, f\u00fcr die Zukunft nicht mehr fortf\u00fchren d\u00fcrfen und<\/li>\n<li>gem\u00e4\u00df Art. 77 DSGVO sich bei einer Aufsichtsbeh\u00f6rde zu beschweren. In der Regel k\u00f6nnen Sie sich hierf\u00fcr an die Aufsichtsbeh\u00f6rde Ihres \u00fcblichen Aufenthaltsortes oder Arbeitsplatzes oder unseres Kanzleisitzes wenden.<\/li>\n<\/ul>\n<p>&nbsp;<\/p>\n<p><strong>Widerspruchsrecht<\/strong><\/p>\n<p>Sofern Ihre personenbezogenen Daten auf Grundlage von berechtigten Interessen gem\u00e4\u00df Art. 6 Abs. 1 S. 1 lit f DSGVO verarbeitet \u00a0werden, haben Sie das Recht, gem\u00e4\u00df Art. 21 DSGVO Widerspruch gegen die Verarbeitung Ihrer Personenbezogenen Daten einzulegen, soweit daf\u00fcr Gr\u00fcnde vorliegen, die sich aus Ihrer besonderen Situation ergeben oder sich der Widerspruch gegen Direktwerbung richtet. Im letzteren Fall haben Sie ein generelles Widerspruchsrecht, das ohne Angabe einer besonderen Situation von mir umgesetzt wird.<\/p>\n<p>M\u00f6chten Sie von Ihrem Widerrufs- oder Widerspruchsrecht Gebrauch machen, gen\u00fcgt eine E-Mail an <a href=\"mailto:ernst@rechtsanwalt-thomas-ernst.de\">ernst@rechtsanwalt-thomas-ernst.de<\/a>.<\/p>\n<p><strong>Datensicherheit<\/strong><\/p>\n<p>Wir verwenden innerhalb des Website-Besuchs das verbreitete SSL-Verfahren (Secure Socket Layer) in Verbindung mit der jeweils h\u00f6chsten Verschl\u00fcsselungsstufe, die von Ihrem Browser unterst\u00fctzt wird. In der Regel handelt es sich dabei um eine 256 Bit Verschl\u00fcsselung. Falls Ihr Browser keine 256-Bit Verschl\u00fcsselung unterst\u00fctzt, greifen ich stattdessen auf 128-Bit v \u00a7 Technologie zur\u00fcck. Ob eine einzelne Seite meines Internetauftritts verschl\u00fcsselt \u00fcbertragen wird, erkenne sie an der geschlossenen Darstellung des Schl\u00fcssel. bzw. Schloss-Symbols in der unteren Statusleiste Ihres Browsers.<\/p>\n<p>Ich bediene mich im \u00fcbrigen geeigneter technischer und organisatorischer Sicherheitsma\u00dfnahmen, um Ihre Daten gegen zuf\u00e4llige oder vors\u00e4tzliche Manipulationen, teilweisen oder vollst\u00e4ndigen Verlust, Zerst\u00f6rung oder gegen den unbefugten Zugriff Dritter zu sch\u00fctzen. Meine Sicherheitsma\u00dfnahmen werden entsprechende der technologischen Entwicklung fortlaufend verbessert.<\/p>\n<p><strong>\u00a0<\/strong><\/p>\n<p><strong>Aktualit\u00e4t und \u00c4nderung dieser Datenschutzerkl\u00e4rung<\/strong><\/p>\n<p>Diese Datenschutzerkl\u00e4rung ist aktuell g\u00fcltig und hat den Stand Mai 2018.<\/p>\n<p>Durch die Weiterentwicklung meiner Website und Angebote dar\u00fcber oder auf Grund ge\u00e4nderter gesetzlicher beziehungswiese beh\u00f6rdlicher Vorgaben kann es notwendig werden, diese Datenschutzerkl\u00e4rung zu \u00e4ndern. Die jeweils aktuelle Datenschutzerkl\u00e4rung kann jederzeit auf die Website unter <a href=\"https:\/\/mail@rechtsanwalt-thomas-ernst.de\/datenschutz\">https:\/\/mail@rechtsanwalt-thomas-ernst.de\/datenschutz<\/a> von Ihnen abgerufen und ausgedruckt werden.<\/p>\n<p>&nbsp;<\/p>\n<p>&nbsp;<\/p>\n<p>&nbsp;<\/p>\n","protected":false},"excerpt":{"rendered":"<p>Datenschutzerkl\u00e4rung Vielen Dank f\u00fcr Ihr Interesse an meinem Internetauftritt und damit verbunden an meiner Kanzlei. Ich lege gro\u00dfen Wert auf Schutz Ihrer Daten und die Wahrung Ihrer Privatsph\u00e4re. Bitte nehmen Sie daher nachstehende Informationen zur Kenntnis: Name und Kontaktdaten des f\u00fcr die Verarbeitung verantwortlichen sowie des betrieblichen Datenschutzbeauftragten Diese Datenschutzhinweise gelten f\u00fcr die Datenverarbeitung durch &hellip; <\/p>\n<p class=\"link-more\"><a href=\"https:\/\/rechtsanwalt-thomas-ernst.de\/?page_id=10\" class=\"more-link\"><span class=\"screen-reader-text\">\u201eDatenschutzerkl\u00e4rung\u201c <\/span>weiterlesen<\/a><\/p>\n","protected":false},"author":1,"featured_media":0,"parent":0,"menu_order":0,"comment_status":"closed","ping_status":"closed","template":"","meta":{"footnotes":""},"class_list":["post-10","page","type-page","status-publish","hentry"],"_links":{"self":[{"href":"https:\/\/rechtsanwalt-thomas-ernst.de\/index.php?rest_route=\/wp\/v2\/pages\/10","targetHints":{"allow":["GET"]}}],"collection":[{"href":"https:\/\/rechtsanwalt-thomas-ernst.de\/index.php?rest_route=\/wp\/v2\/pages"}],"about":[{"href":"https:\/\/rechtsanwalt-thomas-ernst.de\/index.php?rest_route=\/wp\/v2\/types\/page"}],"author":[{"embeddable":true,"href":"https:\/\/rechtsanwalt-thomas-ernst.de\/index.php?rest_route=\/wp\/v2\/users\/1"}],"replies":[{"embeddable":true,"href":"https:\/\/rechtsanwalt-thomas-ernst.de\/index.php?rest_route=%2Fwp%2Fv2%2Fcomments&post=10"}],"version-history":[{"count":1,"href":"https:\/\/rechtsanwalt-thomas-ernst.de\/index.php?rest_route=\/wp\/v2\/pages\/10\/revisions"}],"predecessor-version":[{"id":11,"href":"https:\/\/rechtsanwalt-thomas-ernst.de\/index.php?rest_route=\/wp\/v2\/pages\/10\/revisions\/11"}],"wp:attachment":[{"href":"https:\/\/rechtsanwalt-thomas-ernst.de\/index.php?rest_route=%2Fwp%2Fv2%2Fmedia&parent=10"}],"curies":[{"name":"wp","href":"https:\/\/api.w.org\/{rel}","templated":true}]}}