{"id":15,"date":"2018-05-25T12:13:57","date_gmt":"2018-05-25T10:13:57","guid":{"rendered":"https:\/\/rechtsanwalt-thomas-ernst.de\/?page_id=15"},"modified":"2018-05-25T12:15:00","modified_gmt":"2018-05-25T10:15:00","slug":"impressum","status":"publish","type":"page","link":"https:\/\/rechtsanwalt-thomas-ernst.de\/?page_id=15","title":{"rendered":"Impressum"},"content":{"rendered":"<p><strong>Impressum<\/strong><\/p>\n<p><strong><u>Herausgeber:<\/u><\/strong><\/p>\n<p>Rechtsanwalt Thomas Ernst<br \/>\nAn der Steinr\u00fctsch 3a<br \/>\n51375 Leverkusen<\/p>\n<p>Tel. 0214\/ 20275-165<br \/>\nFax: 0214\/20275-166<br \/>\ne- Mail: <a href=\"mailto:mail@rechtsanwalt-thomas-ernst.de\">mail@rechtsanwalt-thomas-ernst.de<\/a><\/p>\n<p>Steuer-Nr.: 230\/5821\/3212<\/p>\n<p><strong><u>Verantwortlichkeiten:<\/u><\/strong><\/p>\n<p><strong>Inhalte:<\/strong> Rechtsanwalt Thomas Ernst<\/p>\n<p><strong>Internetauftritt<\/strong>: Rechtsanwalt Thomas Ernst<\/p>\n<p><strong>Haftungsausschluss und Copyright<\/strong><\/p>\n<p>Die auf den Internetseiten der Rechtsanwaltskanzlei Thomas Ernst enthaltenen Informationen werden mit gr\u00f6\u00dftm\u00f6glicher Sorgfalt zusammengestellt und regelm\u00e4\u00dfig aktualisiert. Eine Gew\u00e4hr kann dennoch nicht \u00fcbernommen werden. Eine Haftung f\u00fcr Aktualit\u00e4t, Vollst\u00e4ndigkeit oder Qualit\u00e4t ist ausgeschlossen. Ich behalte\u00a0 mir vor, ohne vorherige Ank\u00fcndigung Ver\u00f6ffentlichungen zu ver\u00e4ndern oder einzustellen. Die Informationen d\u00fcrfen nicht ver\u00e4ndert oder verf\u00e4lscht werden.<\/p>\n<p><strong><u>Links:<\/u><\/strong><\/p>\n<p>Ich habe keinen Einfluss auf die Gestaltung und die Inhalte der gelinkten Seite. Ich distanziere mich ausdr\u00fccklich von allen Inhalten aller gelinkten Seiten und mache mir die Inhalte der gelinkten Seite nicht zu eigen.<\/p>\n","protected":false},"excerpt":{"rendered":"<p>Impressum Herausgeber: Rechtsanwalt Thomas Ernst An der Steinr\u00fctsch 3a 51375 Leverkusen Tel. 0214\/ 20275-165 Fax: 0214\/20275-166 e- Mail: mail@rechtsanwalt-thomas-ernst.de Steuer-Nr.: 230\/5821\/3212 Verantwortlichkeiten: Inhalte: Rechtsanwalt Thomas Ernst Internetauftritt: Rechtsanwalt Thomas Ernst Haftungsausschluss und Copyright Die auf den Internetseiten der Rechtsanwaltskanzlei Thomas Ernst enthaltenen Informationen werden mit gr\u00f6\u00dftm\u00f6glicher Sorgfalt zusammengestellt und regelm\u00e4\u00dfig aktualisiert. Eine Gew\u00e4hr kann dennoch &hellip; <\/p>\n<p class=\"link-more\"><a href=\"https:\/\/rechtsanwalt-thomas-ernst.de\/?page_id=15\" class=\"more-link\"><span class=\"screen-reader-text\">\u201eImpressum\u201c <\/span>weiterlesen<\/a><\/p>\n","protected":false},"author":1,"featured_media":0,"parent":0,"menu_order":0,"comment_status":"closed","ping_status":"closed","template":"","meta":{"footnotes":""},"class_list":["post-15","page","type-page","status-publish","hentry"],"_links":{"self":[{"href":"https:\/\/rechtsanwalt-thomas-ernst.de\/index.php?rest_route=\/wp\/v2\/pages\/15","targetHints":{"allow":["GET"]}}],"collection":[{"href":"https:\/\/rechtsanwalt-thomas-ernst.de\/index.php?rest_route=\/wp\/v2\/pages"}],"about":[{"href":"https:\/\/rechtsanwalt-thomas-ernst.de\/index.php?rest_route=\/wp\/v2\/types\/page"}],"author":[{"embeddable":true,"href":"https:\/\/rechtsanwalt-thomas-ernst.de\/index.php?rest_route=\/wp\/v2\/users\/1"}],"replies":[{"embeddable":true,"href":"https:\/\/rechtsanwalt-thomas-ernst.de\/index.php?rest_route=%2Fwp%2Fv2%2Fcomments&post=15"}],"version-history":[{"count":2,"href":"https:\/\/rechtsanwalt-thomas-ernst.de\/index.php?rest_route=\/wp\/v2\/pages\/15\/revisions"}],"predecessor-version":[{"id":20,"href":"https:\/\/rechtsanwalt-thomas-ernst.de\/index.php?rest_route=\/wp\/v2\/pages\/15\/revisions\/20"}],"wp:attachment":[{"href":"https:\/\/rechtsanwalt-thomas-ernst.de\/index.php?rest_route=%2Fwp%2Fv2%2Fmedia&parent=15"}],"curies":[{"name":"wp","href":"https:\/\/api.w.org\/{rel}","templated":true}]}}